{"id":132,"date":"2022-09-20T21:42:59","date_gmt":"2022-09-20T18:42:59","guid":{"rendered":"http:\/\/localhost\/utamer\/?page_id=132"},"modified":"2022-09-20T21:43:52","modified_gmt":"2022-09-20T18:43:52","slug":"utamer","status":"publish","type":"page","link":"http:\/\/utamer.org\/index.php\/utamer\/","title":{"rendered":"UTAMER"},"content":{"rendered":"\n<p>UTAMER, Uluslararas\u0131 Toplum Ara\u015ft\u0131rmalar\u0131 Derne\u011fi\u2019nin kamuoyu ile ulusal ve uluslararas\u0131 alanda T\u00fcrkiye\u2019yi do\u011frudan etkileyen konular hakk\u0131nda fikir al\u0131\u015f veri\u015finde bulunmak maksad\u0131 ile olu\u015fturdu\u011fu bir serbest fikir k\u00fcrs\u00fcd\u00fcr. Amac\u0131m\u0131z T\u00fcrkiye Cumhuriyeti\u2019nin ve O\u2019nun sahibi olan T\u00fcrk milletinin, Atat\u00fcrk\u2019\u00fcn i\u015faret etti\u011fi \u201c\u00c7a\u011fda\u015f medeniyetler seviyesinde\u201d ya\u015famas\u0131na bir nebze de olsa katk\u0131 sa\u011flamakt\u0131r.<\/p>\n","protected":false},"excerpt":{"rendered":"<p>UTAMER, Uluslararas\u0131 Toplum Ara\u015ft\u0131rmalar\u0131 Derne\u011fi\u2019nin kamuoyu ile ulusal ve uluslararas\u0131 alanda T\u00fcrkiye\u2019yi do\u011frudan etkileyen konular hakk\u0131nda fikir al\u0131\u015f veri\u015finde bulunmak maksad\u0131 ile olu\u015fturdu\u011fu bir serbest fikir k\u00fcrs\u00fcd\u00fcr. Amac\u0131m\u0131z T\u00fcrkiye Cumhuriyeti\u2019nin ve O\u2019nun sahibi olan T\u00fcrk milletinin, Atat\u00fcrk\u2019\u00fcn i\u015faret etti\u011fi \u201c\u00c7a\u011fda\u015f medeniyetler seviyesinde\u201d ya\u015famas\u0131na bir nebze de olsa katk\u0131 sa\u011flamakt\u0131r.<\/p>\n","protected":false},"author":1,"featured_media":115,"parent":0,"menu_order":0,"comment_status":"closed","ping_status":"closed","template":"","meta":{"footnotes":""},"class_list":["post-132","page","type-page","status-publish","has-post-thumbnail"],"_links":{"self":[{"href":"http:\/\/utamer.org\/index.php\/wp-json\/wp\/v2\/pages\/132","targetHints":{"allow":["GET"]}}],"collection":[{"href":"http:\/\/utamer.org\/index.php\/wp-json\/wp\/v2\/pages"}],"about":[{"href":"http:\/\/utamer.org\/index.php\/wp-json\/wp\/v2\/types\/page"}],"author":[{"embeddable":true,"href":"http:\/\/utamer.org\/index.php\/wp-json\/wp\/v2\/users\/1"}],"replies":[{"embeddable":true,"href":"http:\/\/utamer.org\/index.php\/wp-json\/wp\/v2\/comments?post=132"}],"version-history":[{"count":1,"href":"http:\/\/utamer.org\/index.php\/wp-json\/wp\/v2\/pages\/132\/revisions"}],"predecessor-version":[{"id":133,"href":"http:\/\/utamer.org\/index.php\/wp-json\/wp\/v2\/pages\/132\/revisions\/133"}],"wp:featuredmedia":[{"embeddable":true,"href":"http:\/\/utamer.org\/index.php\/wp-json\/wp\/v2\/media\/115"}],"wp:attachment":[{"href":"http:\/\/utamer.org\/index.php\/wp-json\/wp\/v2\/media?parent=132"}],"curies":[{"name":"wp","href":"https:\/\/api.w.org\/{rel}","templated":true}]}}