{"id":282,"date":"2022-09-23T19:47:54","date_gmt":"2022-09-23T16:47:54","guid":{"rendered":"http:\/\/utamer.org\/test\/?page_id=282"},"modified":"2022-10-27T21:08:24","modified_gmt":"2022-10-27T18:08:24","slug":"bolgesel-haberler","status":"publish","type":"page","link":"http:\/\/utamer.org\/index.php\/bolgesel-haberler\/","title":{"rendered":"B\u00f6lgesel Haberler"},"content":{"rendered":"\n<p>UTAMER taraf\u0131ndan d\u00fcnyan\u0131n farkl\u0131 b\u00f6lgeleri ile ilgili derlenen g\u00fcncel haberlere ula\u015fmak i\u00e7in ba\u011flant\u0131lar\u0131 takip ediniz.<\/p>\n\n\n\n<p><a href=\"http:\/\/utamer.org\/index.php\/balkan-haberleri\/\">Balkan Haberleri <\/a><\/p>\n","protected":false},"excerpt":{"rendered":"<p>UTAMER taraf\u0131ndan d\u00fcnyan\u0131n farkl\u0131 b\u00f6lgeleri ile ilgili derlenen g\u00fcncel haberlere ula\u015fmak i\u00e7in ba\u011flant\u0131lar\u0131 takip ediniz. Balkan Haberleri<\/p>\n","protected":false},"author":1,"featured_media":364,"parent":0,"menu_order":0,"comment_status":"closed","ping_status":"closed","template":"","meta":{"footnotes":""},"class_list":["post-282","page","type-page","status-publish","has-post-thumbnail"],"_links":{"self":[{"href":"http:\/\/utamer.org\/index.php\/wp-json\/wp\/v2\/pages\/282","targetHints":{"allow":["GET"]}}],"collection":[{"href":"http:\/\/utamer.org\/index.php\/wp-json\/wp\/v2\/pages"}],"about":[{"href":"http:\/\/utamer.org\/index.php\/wp-json\/wp\/v2\/types\/page"}],"author":[{"embeddable":true,"href":"http:\/\/utamer.org\/index.php\/wp-json\/wp\/v2\/users\/1"}],"replies":[{"embeddable":true,"href":"http:\/\/utamer.org\/index.php\/wp-json\/wp\/v2\/comments?post=282"}],"version-history":[{"count":6,"href":"http:\/\/utamer.org\/index.php\/wp-json\/wp\/v2\/pages\/282\/revisions"}],"predecessor-version":[{"id":384,"href":"http:\/\/utamer.org\/index.php\/wp-json\/wp\/v2\/pages\/282\/revisions\/384"}],"wp:featuredmedia":[{"embeddable":true,"href":"http:\/\/utamer.org\/index.php\/wp-json\/wp\/v2\/media\/364"}],"wp:attachment":[{"href":"http:\/\/utamer.org\/index.php\/wp-json\/wp\/v2\/media?parent=282"}],"curies":[{"name":"wp","href":"https:\/\/api.w.org\/{rel}","templated":true}]}}